{"id":621,"date":"2026-03-03T13:22:10","date_gmt":"2026-03-03T12:22:10","guid":{"rendered":"https:\/\/wordpress2574013.home.pl\/autoinstalator\/wordpressplus\/?page_id=621"},"modified":"2026-03-20T13:10:07","modified_gmt":"2026-03-20T12:10:07","slug":"realizacje","status":"publish","type":"page","link":"https:\/\/ekopartner.info.pl\/index.php\/realizacje\/","title":{"rendered":"realizacje"},"content":{"rendered":"\t\t<div data-elementor-type=\"wp-page\" data-elementor-id=\"621\" class=\"elementor elementor-621\" data-elementor-post-type=\"page\">\n\t\t\t\t<div class=\"elementor-element elementor-element-undefined-b5a0316 e-flex e-con-boxed e-con e-parent\" data-id=\"undefined-b5a0316\" data-element_type=\"container\" data-e-type=\"container\">\n\t\t\t\t\t<div class=\"e-con-inner\">\n\t\t<div class=\"elementor-element elementor-element-undefined-b5bb791 e-con-full e-flex e-con e-child\" data-id=\"undefined-b5bb791\" data-element_type=\"container\" data-e-type=\"container\">\n\t\t\t\t<div class=\"elementor-element elementor-element-undefined-19aedbc elementor-widget elementor-widget-heading\" data-id=\"undefined-19aedbc\" data-element_type=\"widget\" data-e-type=\"widget\" data-widget_type=\"heading.default\">\n\t\t\t\t\t<h1 class=\"elementor-heading-title elementor-size-default\">nasze realizacje<\/h1>\t\t\t\t<\/div>\n\t\t\t\t<div class=\"elementor-element elementor-element-undefined-6ae6d9e elementor-widget elementor-widget-text-editor\" data-id=\"undefined-6ae6d9e\" data-element_type=\"widget\" data-e-type=\"widget\" data-widget_type=\"text-editor.default\">\n\t\t\t\t\t\t\t\t\t<p>Zapraszamy do obejrzenia naszej galerii, gdzie prezentujemy najnowsze projekty . Ka\u017cde zdj\u0119cie to nowa historia i dow\u00f3d na nasze zaanga\u017cowanie w ekologiczn\u0105 energi\u0119.<\/p>\t\t\t\t\t\t\t\t<\/div>\n\t\t\t\t<\/div>\n\t\t\t\t<div class=\"elementor-element elementor-element-undefined-2a2255b elementor-skin-carousel elementor-widget elementor-widget-media-carousel\" data-id=\"undefined-2a2255b\" data-element_type=\"widget\" data-e-type=\"widget\" data-settings=\"{&quot;slides_per_view&quot;:&quot;2&quot;,&quot;slides_to_scroll&quot;:&quot;1&quot;,&quot;space_between&quot;:{&quot;unit&quot;:&quot;px&quot;,&quot;size&quot;:31,&quot;sizes&quot;:[]},&quot;slides_per_view_tablet&quot;:&quot;2&quot;,&quot;slides_per_view_mobile&quot;:&quot;2&quot;,&quot;skin&quot;:&quot;carousel&quot;,&quot;effect&quot;:&quot;slide&quot;,&quot;speed&quot;:500,&quot;autoplay&quot;:&quot;yes&quot;,&quot;autoplay_speed&quot;:5000,&quot;loop&quot;:&quot;yes&quot;,&quot;pause_on_hover&quot;:&quot;yes&quot;,&quot;pause_on_interaction&quot;:&quot;yes&quot;,&quot;space_between_tablet&quot;:{&quot;unit&quot;:&quot;px&quot;,&quot;size&quot;:10,&quot;sizes&quot;:[]},&quot;space_between_mobile&quot;:{&quot;unit&quot;:&quot;px&quot;,&quot;size&quot;:10,&quot;sizes&quot;:[]}}\" data-widget_type=\"media-carousel.default\">\n\t\t\t\t\t\t\t\t\t\t<div class=\"elementor-main-swiper swiper\" role=\"region\" aria-roledescription=\"carousel\" aria-label=\"Slajdy\">\n\t\t\t\t<div class=\"swiper-wrapper\">\n\t\t\t\t\t\t\t\t\t\t\t<div class=\"swiper-slide\" role=\"group\" aria-roledescription=\"slide\">\n\t\t\t\t\t\t\t\t\t<div class=\"elementor-carousel-image\" role=\"img\" aria-label=\"MVIMG_20251217_152206\" style=\"background-image: url(&#039;https:\/\/ekopartner.info.pl\/wp-content\/uploads\/2026\/03\/MVIMG_20251217_152206-scaled.webp&#039;)\">\n\n\t\t\t\n\t\t\t\t\t<\/div>\n\t\t\t\t\t\t\t\t<\/div>\n\t\t\t\t\t\t\t\t\t\t\t<div class=\"swiper-slide\" role=\"group\" aria-roledescription=\"slide\">\n\t\t\t\t\t\t\t\t\t<div class=\"elementor-carousel-image\" role=\"img\" aria-label=\"MVIMG_20251119_135737\" style=\"background-image: url(&#039;https:\/\/ekopartner.info.pl\/wp-content\/uploads\/2026\/03\/MVIMG_20251119_135737-scaled.webp&#039;)\">\n\n\t\t\t\n\t\t\t\t\t<\/div>\n\t\t\t\t\t\t\t\t<\/div>\n\t\t\t\t\t\t\t\t\t\t\t<div class=\"swiper-slide\" role=\"group\" aria-roledescription=\"slide\">\n\t\t\t\t\t\t\t\t\t<div class=\"elementor-carousel-image\" role=\"img\" aria-label=\"MVIMG_20250709_092759\" style=\"background-image: url(&#039;https:\/\/ekopartner.info.pl\/wp-content\/uploads\/2026\/03\/MVIMG_20250709_092759-scaled.webp&#039;)\">\n\n\t\t\t\n\t\t\t\t\t<\/div>\n\t\t\t\t\t\t\t\t<\/div>\n\t\t\t\t\t\t\t\t\t\t\t<div class=\"swiper-slide\" role=\"group\" aria-roledescription=\"slide\">\n\t\t\t\t\t\t\t\t\t<div class=\"elementor-carousel-image\" role=\"img\" aria-label=\"IMG_20250901_143211\" style=\"background-image: url(&#039;https:\/\/ekopartner.info.pl\/wp-content\/uploads\/2026\/03\/IMG_20250901_143211-scaled.webp&#039;)\">\n\n\t\t\t\n\t\t\t\t\t<\/div>\n\t\t\t\t\t\t\t\t<\/div>\n\t\t\t\t\t\t\t\t\t\t\t<div class=\"swiper-slide\" role=\"group\" aria-roledescription=\"slide\">\n\t\t\t\t\t\t\t\t\t<div class=\"elementor-carousel-image\" role=\"img\" aria-label=\"IMG_20250731_133644\" style=\"background-image: url(&#039;https:\/\/ekopartner.info.pl\/wp-content\/uploads\/2026\/03\/IMG_20250731_133644-scaled.webp&#039;)\">\n\n\t\t\t\n\t\t\t\t\t<\/div>\n\t\t\t\t\t\t\t\t<\/div>\n\t\t\t\t\t\t\t\t\t\t\t<div class=\"swiper-slide\" role=\"group\" aria-roledescription=\"slide\">\n\t\t\t\t\t\t\t\t\t<div class=\"elementor-carousel-image\" role=\"img\" aria-label=\"AC Bscale(1.3) Dscale(1.3) enhenced_level(0) isOutdoor(0) result(1)  FM0 CR1.04 FC111011111: bfalic 0211X:zzzzzH87030bzzzzzz0 813e5308804385f03184502ee1040 924 dc2ab  0  033e10e320  0  0  0  0 0 0 0 032051415160  14b 130451345146  14d 12fc50fe50da  24e 130e51305161  24e 132051365174  24e 133251425180  24d 133e515a5194  24e 133e5160519a  34e 12462 758 3212027 03d 03f 02a 02331472d422d162d17282026211d201d202a25191e211f1a2219142013111b14 c2b36212c323420292424202c24 6213516 f11 d d171918138f1388138813881388138813881388138813881388138813881388138813881388138813881388138e1388138813881388138813881388138d138813881388138913881388138816a813881388138816a813881388138816a8138813881388168c13881388138816a8138813881388168c138813881388138c138813881388138813881388138816a813881388138816c61388138813881388138813881388138813881388138813881388138813881388138813881388138813881388138813a813881388138813881388138813881388138813881388138813881388138813881388138813881388138813881388138813881388138813881388138813881388138813881388138813881388138813881388138813881388138813881388\" style=\"background-image: url(&#039;https:\/\/ekopartner.info.pl\/wp-content\/uploads\/2026\/03\/20200226_130827-scaled.webp&#039;)\">\n\n\t\t\t\n\t\t\t\t\t<\/div>\n\t\t\t\t\t\t\t\t<\/div>\n\t\t\t\t\t\t\t\t\t\t\t<div class=\"swiper-slide\" role=\"group\" aria-roledescription=\"slide\">\n\t\t\t\t\t\t\t\t\t<div class=\"elementor-carousel-image\" role=\"img\" aria-label=\"AC Bscale(1.3) Dscale(1.3) enhenced_level(19) isOutdoor(0) result(0)  FM0 CR1.04 FC000010000: bfalic 0211X:zzzzzH87030bzzzzzz0121345308804385f03184502ee1040 924 dc2ab  0  033e10e2a3  0  0  0  0 0 0 0 02ed51355183  14a 12d451305187  14a 12a3511c5156  14b 128750f450ec  14b 126b50ee50dc  14c 124f50e350ca  14c 123350d950be  14c 127550d150b4  24c 128c50e150ba  24d 12a350e550b8  24e 12ba50f250c0  24e 12d150fc50c9  24e 12e8510950db  24e 12ff511450f6  24e 131651245119  24d 132d512f5132  24d 133e51355142  24e 132d512f513b  34e 12457 751 357 651 04b 045 04b 045 93f 83b3540273b532c2b62a82825ab423c3d44293938293945343b3640353c623b2e564c58475243444146424c3e473942353d3a42363d13931388138813881388138813881388138813881388138813881388138813881388138813881388138e1388138813881388138813881388138a1388138813881390138813881388162b138813881388162b138813881388162b138813881388162b13881388138815bb13881388138815f3138813881388138c138813881388138813881388138816b513881388138816141388138813881388138813881388138813881388138813881388138813881388138813881388138813881388138813aa13881388138813881388138813881388138813881388138813881388138813881388138813881388138813881388138813881388138813881388138813881388138813881388138813881388138813881388138813881388138813881388\" style=\"background-image: url(&#039;https:\/\/ekopartner.info.pl\/wp-content\/uploads\/2026\/03\/20200226_130851-scaled.webp&#039;)\">\n\n\t\t\t\n\t\t\t\t\t<\/div>\n\t\t\t\t\t\t\t\t<\/div>\n\t\t\t\t\t\t\t\t\t\t\t<div class=\"swiper-slide\" role=\"group\" aria-roledescription=\"slide\">\n\t\t\t\t\t\t\t\t\t<div class=\"elementor-carousel-image\" role=\"img\" aria-label=\"MNS G54.9 IN10 N10 RN10 O0.40 Y264.00 C198.00 YT1 CT3 s0 sY8.00 S300 C50 NRThrd6 needASF1   FM0 CR1.04 FC111111111: bfalic 0211X:zzzzzH87030bzzzzzz0 81c15327804385f03184502ee1040 924 dc2ab  0  033e10e320  0  0  0  0 0 0 0 032011c11184  123 130411ec11bd  123 12e8120711eb  124 12cc11f511df  124 12b011f311eb  124 12c611c511ad  324 12dc11d711b1  323 130411e811b5  323 1242d 723 273e865 014 037 022 0361a1d1214181732131d434d71 e113534252e1012252217141e2077721c20495e17123a374533504c212517172527231d e151d2d1612 c d138b138813881388138c138813881388138813881388138813881388138813881388138813881388138813881388138813881388138813881389138813881388139213881388138816a8138813881388168c1388138813881670138813881388165413881388138816a813881388138816a813881388138813be13881388138813881388138813881654138813881388168c1388138813881388138813881388138813881388138813881388138813881388138813881388138813881388138813aa13881388138813881388138813881388138813881388138813881388138813881388138813881388138813881388138813881388138813881388138813881388138813881388138813881388138813881388138813881388138813881388\" style=\"background-image: url(&#039;https:\/\/ekopartner.info.pl\/wp-content\/uploads\/2026\/03\/20250123_134503-scaled.webp&#039;)\">\n\n\t\t\t\n\t\t\t\t\t<\/div>\n\t\t\t\t\t\t\t\t<\/div>\n\t\t\t\t\t\t\t\t\t\t\t<div class=\"swiper-slide\" role=\"group\" aria-roledescription=\"slide\">\n\t\t\t\t\t\t\t\t\t<div class=\"elementor-carousel-image\" role=\"img\" aria-label=\"WP_20150611_08_05_10_Pro\" style=\"background-image: url(&#039;https:\/\/ekopartner.info.pl\/wp-content\/uploads\/2026\/03\/WP_20150611_08_05_10_Pro-scaled.webp&#039;)\">\n\n\t\t\t\n\t\t\t\t\t<\/div>\n\t\t\t\t\t\t\t\t<\/div>\n\t\t\t\t\t\t\t\t\t\t\t<div class=\"swiper-slide\" role=\"group\" aria-roledescription=\"slide\">\n\t\t\t\t\t\t\t\t\t<div class=\"elementor-carousel-image\" role=\"img\" aria-label=\"WP_20150730_10_28_48_Pro\" style=\"background-image: url(&#039;https:\/\/ekopartner.info.pl\/wp-content\/uploads\/2026\/03\/WP_20150730_10_28_48_Pro-scaled.jpg&#039;)\">\n\n\t\t\t\n\t\t\t\t\t<\/div>\n\t\t\t\t\t\t\t\t<\/div>\n\t\t\t\t\t\t\t\t\t\t\t<div class=\"swiper-slide\" role=\"group\" aria-roledescription=\"slide\">\n\t\t\t\t\t\t\t\t\t<div class=\"elementor-carousel-image\" role=\"img\" aria-label=\"WP_20150928_10_01_40_Pro\" style=\"background-image: url(&#039;https:\/\/ekopartner.info.pl\/wp-content\/uploads\/2026\/03\/WP_20150928_10_01_40_Pro-scaled.jpg&#039;)\">\n\n\t\t\t\n\t\t\t\t\t<\/div>\n\t\t\t\t\t\t\t\t<\/div>\n\t\t\t\t\t\t\t\t\t<\/div>\n\t\t\t\t\t\t\t\t\t\t\t\t\t\t\t\t\t\t\t\t\t<\/div>\n\t\t\t\t\t\t\t\t<\/div>\n\t\t\t\t\t<\/div>\n\t\t\t\t<\/div>\n\t\t<div class=\"elementor-element elementor-element-2de1e85 e-flex e-con-boxed e-con e-parent\" data-id=\"2de1e85\" data-element_type=\"container\" data-e-type=\"container\">\n\t\t\t\t\t<div class=\"e-con-inner\">\n\t\t\t\t<div class=\"elementor-element elementor-element-b3628ec elementor-widget__width-initial elementor-widget elementor-widget-text-editor\" data-id=\"b3628ec\" data-element_type=\"widget\" data-e-type=\"widget\" data-widget_type=\"text-editor.default\">\n\t\t\t\t\t\t\t\t\t<p><strong><span style=\"text-decoration: underline;\">Geneko Polska Energia<\/span><\/strong><b> &#8211; <\/b>wymiany legalizacyjne licznik\u00f3w energii elektrycznej AMI w ramach prowadzonego projektu smart metering na terenie Warszawy dla\u00a0 STOEN Operator i dla innych podmiot\u00f3w OSD<b><\/b><\/p><p><strong><span style=\"text-decoration: underline;\">Polenrgia Fotowoltaika<\/span><\/strong> &#8211; projekty instalacji fotowoltaicznych PV, przy\u0142\u0105cza AC do infrastruktury elektroenergetycznej<br \/><b><br \/><span style=\"text-decoration: underline;\">PD International<\/span> &#8211; <\/b>obni\u017cenie koszt\u00f3w energii elektrycznej, dostawa i monta\u017c kompensatora mocy biernej<b><\/b><\/p><p><span style=\"text-decoration: underline;\"><strong>Galeria Handlowa Dawidy Bankowe <\/strong><\/span>&#8211; obni\u017cenie koszt\u00f3w energii elektrycznej, dostawa i monta\u017c kompensatora mocy biernej<\/p><p><span style=\"text-decoration: underline;\"><strong>Wsp\u00f3lnota Mieszkaniowa \u201eKEN 85\u201d<\/strong> <strong>w Warszawie <\/strong><\/span>&#8211; obni\u017cenie koszt\u00f3w energii elektrycznej, dostawa i monta\u017c kompensatora mocy biernej<\/p><p><span style=\"text-decoration: underline;\"><strong>Wsp\u00f3lnota Mieszkaniowa \u201eKonstanci\u0144ska 11a\u201d<\/strong> <\/span>&#8211; obni\u017cenie koszt\u00f3w energii elektrycznej, dostawa i monta\u017c kompensatora mocy biernej<br \/><b><\/b><\/p><p><span style=\"text-decoration: underline;\"><strong>Wsp\u00f3lnota Mieszkaniowa \u201eKonstanci\u0144ska 11a\u201d<\/strong> <\/span>&#8211; wymiana opraw o\u015bwietleniowych i \u017ar\u00f3de\u0142 \u015bwiat\u0142a w cz\u0119\u015bciach wsp\u00f3lnych nieruchomo\u015bci<\/p><p><b><span style=\"text-decoration: underline;\">Wsp\u00f3lnot\u0105 Mieszkaniow\u0105 Kaliska 23<\/span> &#8211; <\/b>obni\u017cenie koszt\u00f3w energii elektrycznej, dostawa i monta\u017c kompensatora mocy biernej<b><\/b><\/p><p><span style=\"text-decoration: underline;\"><strong>S-Bridge Office Park Sp. z o.o.<\/strong><\/span> &#8211; dostarczenie i monta\u017c licznik\u00f3w energii elektrycznej F&amp;F oraz instalacja i uruchomienie systemu zdalnego odczytu danych licznikowych MeternetPro<b><\/b><\/p><p><span style=\"text-decoration: underline;\"><strong>STOEN Operator <\/strong><\/span>\u2013 wymiany legalizacyjne i monta\u017ce deweloperskie licznik\u00f3w energii elektrycznej oraz serwis uk\u0142ad\u00f3w pomiarowych, budowa uk\u0142ad\u00f3w pomiarowo-bilansuj\u0105cych w stacjach transformatorowych 15\/0,4kV<br \/><b><br \/><span style=\"text-decoration: underline;\">PGE Dystrybucja<\/span> &#8211; <\/b>budowa uk\u0142ad\u00f3w pomiarowo-bilansuj\u0105cych w stacjach transformatorowych 15\/0,4kV<b><\/b><\/p><p><span style=\"text-decoration: underline;\"><strong>Art Marketing Sindicate<\/strong><\/span>\u00a0\u2013 us\u0142ugi doradcze zwi\u0105zane z zakupem energii elektrycznej, wdro\u017cenie systemu zdalnego monitoringu instalacji elektrycznej w no\u015bnikach reklamowych, dostawa infrastruktury dla reklamy<br \/><b><br \/><span style=\"text-decoration: underline;\">Warszawski Rolno &#8211; Spo\u017cywczy Rynek Hurtowy &#8222;Bronisze<\/span>&#8221; &#8211; <\/b>us\u0142ugi doradcze zwi\u0105zane z przebudow\u0105 napowietrznej linii WN, wykonanie projekt\u00f3w dostosowania uk\u0142ad\u00f3w pomiarowych do TPA, wykonanie diagnostyki termograficznej instalacji elektrycznych<b><\/b><\/p><p><strong><span style=\"text-decoration: underline;\">Miasto Sto\u0142eczne Warszawa, Biuro Infrastruktury<\/span>\u00a0<\/strong>\u2013 opracowanie Studium wykonalno\u015bci utworzenia \u201e Miejskiej Grupy Zakupowej\u201d\u00a0<b><\/b><\/p><p><span style=\"text-decoration: underline;\"><strong>PRiBW<\/strong>\u00a0<\/span>\u2013 audyt faktur i um\u00f3w na sprzeda\u017c i dostarczanie energii elektrycznej, wykonanie projekt\u00f3w dostosowania uk\u0142ad\u00f3w pomiarowych do TPA<b><\/b><\/p><p><span style=\"text-decoration: underline;\"><strong>Operator Logistyczny Paliw P\u0142ynnych<\/strong><\/span>\u00a0\u2013 audyt elektroenergetyczny wraz z inwentaryzacj\u0105 urz\u0105dze\u0144 elektroenergetycznych, poprawa bezpiecze\u0144stwa zasilania<b><\/b><\/p><p><span style=\"text-decoration: underline;\"><strong>Naftoserwis<\/strong><\/span>\u00a0\u2013 opracowanie dokumentacji technicznej BP.05<b><\/b><\/p><p><span style=\"text-decoration: underline;\"><strong>Elektro-Energo-Projekt<\/strong><\/span>\u00a0\u2013 wykonanie dokumentacji technicznej przebudowy linii 110 kV<b><\/b><\/p><p><span style=\"text-decoration: underline;\"><strong>Hotel Hilton HGC<\/strong><\/span>\u00a0\u2013 us\u0142ugi doradcze zwi\u0105zane z zakupem energii elektrycznej<b><\/b><\/p><p><span style=\"text-decoration: underline;\"><strong>Millenium Plaza Atlas Estates Warszawa<\/strong><\/span>\u00a0&#8211; us\u0142ugi doradcze zwi\u0105zane z zakupem energii elektrycznej<b><\/b><\/p><p><span style=\"text-decoration: underline;\"><strong>Atlas Estates Sadowa Gda\u0144sk<\/strong><\/span>\u00a0&#8211; us\u0142ugi doradcze zwi\u0105zane z zakupem energii elektrycznej<b><\/b><\/p><p><span style=\"text-decoration: underline;\"><strong>PKP Intercity<\/strong><\/span> &#8211; audyt faktur i um\u00f3w na sprzeda\u017c i dostarczanie energii elektrycznej<b><\/b><\/p><p><strong><span style=\"text-decoration: underline;\">Sfinks<\/span>\u00a0<\/strong>\u2013 us\u0142ugi doradcze zwi\u0105zane z zakupem energii elektrycznej<b><\/b><\/p><p><span style=\"text-decoration: underline;\"><strong>Pafal<\/strong> <\/span>\u2013 serwis uk\u0142ad\u00f3w pomiarowych<b><\/b><\/p><p><span style=\"text-decoration: underline;\"><strong>Apator<\/strong><\/span>\u00a0\u2013 serwis uk\u0142ad\u00f3w pomiarowych<b><\/b><\/p><p><span style=\"text-decoration: underline;\"><strong>Elkomtech<\/strong><\/span>\u00a0\u2013 serwis automatyki w stacjach elektroenergetycznych<\/p>\t\t\t\t\t\t\t\t<\/div>\n\t\t\t\t\t<\/div>\n\t\t\t\t<\/div>\n\t\t\t\t<\/div>\n\t\t","protected":false},"excerpt":{"rendered":"<p>nasze realizacje Zapraszamy do obejrzenia naszej galerii, gdzie prezentujemy najnowsze projekty . Ka\u017cde zdj\u0119cie to nowa historia i dow\u00f3d na nasze zaanga\u017cowanie w ekologiczn\u0105 energi\u0119. Geneko Polska Energia &#8211; wymiany legalizacyjne licznik\u00f3w energii elektrycznej AMI w ramach prowadzonego projektu smart metering na terenie Warszawy dla\u00a0 STOEN Operator i dla innych podmiot\u00f3w OSD Polenrgia Fotowoltaika &#8211; [&hellip;]<\/p>\n","protected":false},"author":1,"featured_media":0,"parent":0,"menu_order":0,"comment_status":"closed","ping_status":"closed","template":"elementor_header_footer","meta":{"footnotes":""},"class_list":["post-621","page","type-page","status-publish","hentry"],"_links":{"self":[{"href":"https:\/\/ekopartner.info.pl\/index.php\/wp-json\/wp\/v2\/pages\/621","targetHints":{"allow":["GET"]}}],"collection":[{"href":"https:\/\/ekopartner.info.pl\/index.php\/wp-json\/wp\/v2\/pages"}],"about":[{"href":"https:\/\/ekopartner.info.pl\/index.php\/wp-json\/wp\/v2\/types\/page"}],"author":[{"embeddable":true,"href":"https:\/\/ekopartner.info.pl\/index.php\/wp-json\/wp\/v2\/users\/1"}],"replies":[{"embeddable":true,"href":"https:\/\/ekopartner.info.pl\/index.php\/wp-json\/wp\/v2\/comments?post=621"}],"version-history":[{"count":52,"href":"https:\/\/ekopartner.info.pl\/index.php\/wp-json\/wp\/v2\/pages\/621\/revisions"}],"predecessor-version":[{"id":845,"href":"https:\/\/ekopartner.info.pl\/index.php\/wp-json\/wp\/v2\/pages\/621\/revisions\/845"}],"wp:attachment":[{"href":"https:\/\/ekopartner.info.pl\/index.php\/wp-json\/wp\/v2\/media?parent=621"}],"curies":[{"name":"wp","href":"https:\/\/api.w.org\/{rel}","templated":true}]}}